{"id":1739,"date":"2023-03-06T12:38:47","date_gmt":"2023-03-06T12:38:47","guid":{"rendered":"https:\/\/escollanos.com\/cl\/?page_id=1739"},"modified":"2023-03-06T12:41:48","modified_gmt":"2023-03-06T12:41:48","slug":"r8-jutussin","status":"publish","type":"page","link":"https:\/\/escollanos.com\/cl\/r8-jutussin\/","title":{"rendered":"R8 Jutussin"},"content":{"rendered":"\t\t<div data-elementor-type=\"wp-page\" data-elementor-id=\"1739\" class=\"elementor elementor-1739\">\n\t\t\t\t\t\t<section class=\"elementor-section elementor-top-section elementor-element elementor-element-614da876 elementor-section-stretched elementor-section-boxed elementor-section-height-default elementor-section-height-default\" data-id=\"614da876\" data-element_type=\"section\" data-settings=\"{&quot;stretch_section&quot;:&quot;section-stretched&quot;,&quot;background_background&quot;:&quot;slideshow&quot;,&quot;background_slideshow_gallery&quot;:[{&quot;id&quot;:&quot;1630&quot;,&quot;url&quot;:&quot;https:\\\/\\\/escollanos.com\\\/cl\\\/wp-content\\\/uploads\\\/sites\\\/6\\\/2022\\\/07\\\/ortomolecular_escollanos_2.jpg&quot;}],&quot;background_slideshow_ken_burns&quot;:&quot;yes&quot;,&quot;background_slideshow_loop&quot;:&quot;yes&quot;,&quot;background_slideshow_slide_duration&quot;:5000,&quot;background_slideshow_slide_transition&quot;:&quot;fade&quot;,&quot;background_slideshow_transition_duration&quot;:500,&quot;background_slideshow_ken_burns_zoom_direction&quot;:&quot;in&quot;}\">\n\t\t\t\t\t\t<div class=\"elementor-container elementor-column-gap-default\">\n\t\t\t\t\t<div class=\"elementor-column elementor-col-50 elementor-top-column elementor-element elementor-element-586d9079\" data-id=\"586d9079\" data-element_type=\"column\">\n\t\t\t<div class=\"elementor-widget-wrap elementor-element-populated\">\n\t\t\t\t\t\t<div class=\"elementor-element elementor-element-6b64fa44 elementor-arrows-position-inside elementor-widget elementor-widget-image-carousel\" data-id=\"6b64fa44\" data-element_type=\"widget\" data-settings=\"{&quot;slides_to_show&quot;:&quot;1&quot;,&quot;navigation&quot;:&quot;arrows&quot;,&quot;effect&quot;:&quot;fade&quot;,&quot;speed&quot;:2000,&quot;autoplay&quot;:&quot;yes&quot;,&quot;pause_on_hover&quot;:&quot;yes&quot;,&quot;pause_on_interaction&quot;:&quot;yes&quot;,&quot;autoplay_speed&quot;:5000,&quot;infinite&quot;:&quot;yes&quot;}\" data-widget_type=\"image-carousel.default\">\n\t\t\t\t<div class=\"elementor-widget-container\">\n\t\t\t\t\t\t\t<div class=\"elementor-image-carousel-wrapper swiper\" role=\"region\" aria-roledescription=\"carousel\" aria-label=\"Carrusel de im\u00e1genes\" dir=\"ltr\">\n\t\t\t<div class=\"elementor-image-carousel swiper-wrapper swiper-image-stretch\" aria-live=\"off\">\n\t\t\t\t\t\t\t\t<div class=\"swiper-slide\" role=\"group\" aria-roledescription=\"slide\" aria-label=\"1 de 1\"><figure class=\"swiper-slide-inner\"><img decoding=\"async\" class=\"swiper-slide-image\" src=\"https:\/\/escollanos.com\/cl\/wp-content\/uploads\/sites\/6\/2023\/03\/R8-1024x1024.png\" alt=\"R8.png\" \/><\/figure><\/div>\t\t\t<\/div>\n\t\t\t\t\t<\/div>\n\t\t\t\t\t\t<\/div>\n\t\t\t\t<\/div>\n\t\t\t\t\t<\/div>\n\t\t<\/div>\n\t\t\t\t<div class=\"elementor-column elementor-col-50 elementor-top-column elementor-element elementor-element-46cac00a elementor-invisible\" data-id=\"46cac00a\" data-element_type=\"column\" data-settings=\"{&quot;background_background&quot;:&quot;classic&quot;,&quot;animation&quot;:&quot;fadeInRight&quot;}\">\n\t\t\t<div class=\"elementor-widget-wrap elementor-element-populated\">\n\t\t\t\t\t\t<div class=\"elementor-element elementor-element-56563f3b elementor-widget elementor-widget-heading\" data-id=\"56563f3b\" data-element_type=\"widget\" data-widget_type=\"heading.default\">\n\t\t\t\t<div class=\"elementor-widget-container\">\n\t\t\t\t\t<h1 class=\"elementor-heading-title elementor-size-default\">R8 Jutussin<\/h1>\t\t\t\t<\/div>\n\t\t\t\t<\/div>\n\t\t\t\t<div class=\"elementor-element elementor-element-70b724dc elementor-widget elementor-widget-text-editor\" data-id=\"70b724dc\" data-element_type=\"widget\" data-widget_type=\"text-editor.default\">\n\t\t\t\t<div class=\"elementor-widget-container\">\n\t\t\t\t\t\t\t\t\t<p><strong><span style=\"color: #7d1a1d;\">Antitus\u00edgeno, broncodilatador y expectorante<\/span><\/strong><\/p>\t\t\t\t\t\t\t\t<\/div>\n\t\t\t\t<\/div>\n\t\t\t\t<div class=\"elementor-element elementor-element-68b42e43 elementor-widget elementor-widget-heading\" data-id=\"68b42e43\" data-element_type=\"widget\" data-widget_type=\"heading.default\">\n\t\t\t\t<div class=\"elementor-widget-container\">\n\t\t\t\t\t<h4 class=\"elementor-heading-title elementor-size-default\">Formas de presentaci\u00f3n<\/h4>\t\t\t\t<\/div>\n\t\t\t\t<\/div>\n\t\t\t\t<div class=\"elementor-element elementor-element-2af5a01b elementor-widget elementor-widget-text-editor\" data-id=\"2af5a01b\" data-element_type=\"widget\" data-widget_type=\"text-editor.default\">\n\t\t\t\t<div class=\"elementor-widget-container\">\n\t\t\t\t\t\t\t\t\t<ul><li>Jarabe<\/li><\/ul>\t\t\t\t\t\t\t\t<\/div>\n\t\t\t\t<\/div>\n\t\t\t\t<div class=\"elementor-element elementor-element-2c9efd77 elementor-widget elementor-widget-heading\" data-id=\"2c9efd77\" data-element_type=\"widget\" data-widget_type=\"heading.default\">\n\t\t\t\t<div class=\"elementor-widget-container\">\n\t\t\t\t\t<h4 class=\"elementor-heading-title elementor-size-default\">Composici\u00f3n<\/h4>\t\t\t\t<\/div>\n\t\t\t\t<\/div>\n\t\t\t\t<div class=\"elementor-element elementor-element-498598fb elementor-widget elementor-widget-text-editor\" data-id=\"498598fb\" data-element_type=\"widget\" data-widget_type=\"text-editor.default\">\n\t\t\t\t<div class=\"elementor-widget-container\">\n\t\t\t\t\t\t\t\t\t<p style=\"text-align: justify;\"><strong>Jarabe<\/strong>: Ammonium causticum D2 1,00 g, Belladonna D2 1,00 g, Bryonia D2 1,00 g, Chamomilla D2 3,00 g, Coccus cacti D5 1,00 g, Corallium rubrum D10 1,00 g, Cuprum aceticum D10 1,00 g, Drosera D2 1,00 g, Ipecacuanha D3 1,00 g, Thymus vulgaris D2 3,00 g, Saccharum 40,00 g, Saccharum tostum 0,26 g, Ethanolum \/ Aqua purificata ad 100,00 g.<\/p>\t\t\t\t\t\t\t\t<\/div>\n\t\t\t\t<\/div>\n\t\t\t\t\t<\/div>\n\t\t<\/div>\n\t\t\t\t\t<\/div>\n\t\t<\/section>\n\t\t\t\t<section class=\"elementor-section elementor-top-section elementor-element elementor-element-6f5b9b48 elementor-section-full_width elementor-section-stretched elementor-section-height-default elementor-section-height-default\" data-id=\"6f5b9b48\" data-element_type=\"section\" data-settings=\"{&quot;stretch_section&quot;:&quot;section-stretched&quot;,&quot;background_background&quot;:&quot;slideshow&quot;,&quot;background_slideshow_transition_duration&quot;:3000,&quot;background_slideshow_ken_burns&quot;:&quot;yes&quot;,&quot;shape_divider_top&quot;:&quot;opacity-fan&quot;,&quot;shape_divider_bottom&quot;:&quot;opacity-fan&quot;,&quot;background_slideshow_gallery&quot;:[],&quot;background_slideshow_loop&quot;:&quot;yes&quot;,&quot;background_slideshow_slide_duration&quot;:5000,&quot;background_slideshow_slide_transition&quot;:&quot;fade&quot;,&quot;background_slideshow_ken_burns_zoom_direction&quot;:&quot;in&quot;}\">\n\t\t\t\t\t<div class=\"elementor-shape elementor-shape-top\" aria-hidden=\"true\" data-negative=\"false\">\n\t\t\t<svg xmlns=\"http:\/\/www.w3.org\/2000\/svg\" viewBox=\"0 0 283.5 19.6\" preserveAspectRatio=\"none\">\n\t<path class=\"elementor-shape-fill\" style=\"opacity:0.33\" d=\"M0 0L0 18.8 141.8 4.1 283.5 18.8 283.5 0z\"\/>\n\t<path class=\"elementor-shape-fill\" style=\"opacity:0.33\" d=\"M0 0L0 12.6 141.8 4 283.5 12.6 283.5 0z\"\/>\n\t<path class=\"elementor-shape-fill\" style=\"opacity:0.33\" d=\"M0 0L0 6.4 141.8 4 283.5 6.4 283.5 0z\"\/>\n\t<path class=\"elementor-shape-fill\" d=\"M0 0L0 1.2 141.8 4 283.5 1.2 283.5 0z\"\/>\n<\/svg>\t\t<\/div>\n\t\t\t\t<div class=\"elementor-shape elementor-shape-bottom\" aria-hidden=\"true\" data-negative=\"false\">\n\t\t\t<svg xmlns=\"http:\/\/www.w3.org\/2000\/svg\" viewBox=\"0 0 283.5 19.6\" preserveAspectRatio=\"none\">\n\t<path class=\"elementor-shape-fill\" style=\"opacity:0.33\" d=\"M0 0L0 18.8 141.8 4.1 283.5 18.8 283.5 0z\"\/>\n\t<path class=\"elementor-shape-fill\" style=\"opacity:0.33\" d=\"M0 0L0 12.6 141.8 4 283.5 12.6 283.5 0z\"\/>\n\t<path class=\"elementor-shape-fill\" style=\"opacity:0.33\" d=\"M0 0L0 6.4 141.8 4 283.5 6.4 283.5 0z\"\/>\n\t<path class=\"elementor-shape-fill\" d=\"M0 0L0 1.2 141.8 4 283.5 1.2 283.5 0z\"\/>\n<\/svg>\t\t<\/div>\n\t\t\t\t\t<div class=\"elementor-container elementor-column-gap-default\">\n\t\t\t\t\t<div class=\"elementor-column elementor-col-100 elementor-top-column elementor-element elementor-element-5c173b66\" data-id=\"5c173b66\" data-element_type=\"column\">\n\t\t\t<div class=\"elementor-widget-wrap elementor-element-populated\">\n\t\t\t\t\t\t<section class=\"elementor-section elementor-inner-section elementor-element elementor-element-4ec6a328 elementor-section-content-top elementor-section-boxed elementor-section-height-default elementor-section-height-default\" data-id=\"4ec6a328\" data-element_type=\"section\">\n\t\t\t\t\t\t<div class=\"elementor-container elementor-column-gap-wide\">\n\t\t\t\t\t<div class=\"elementor-column elementor-col-100 elementor-inner-column elementor-element elementor-element-4106094c\" data-id=\"4106094c\" data-element_type=\"column\">\n\t\t\t<div class=\"elementor-widget-wrap elementor-element-populated\">\n\t\t\t\t\t\t<div class=\"elementor-element elementor-element-45948b5e elementor-widget elementor-widget-heading\" data-id=\"45948b5e\" data-element_type=\"widget\" data-widget_type=\"heading.default\">\n\t\t\t\t<div class=\"elementor-widget-container\">\n\t\t\t\t\t<h4 class=\"elementor-heading-title elementor-size-default\">Posolog\u00eda<\/h4>\t\t\t\t<\/div>\n\t\t\t\t<\/div>\n\t\t\t\t<div class=\"elementor-element elementor-element-1bba3a94 elementor-widget elementor-widget-text-editor\" data-id=\"1bba3a94\" data-element_type=\"widget\" data-widget_type=\"text-editor.default\">\n\t\t\t\t<div class=\"elementor-widget-container\">\n\t\t\t\t\t\t\t\t\t<p style=\"text-align: justify;\"><strong>Jarabe<\/strong>: Tomar una cucharadita cada 2 horas hasta un m\u00e1ximo de 6 al d\u00eda, salvo prescripci\u00f3n facultativa. Si se aprecia mejor\u00eda tomar 1 cucharadita 3 veces al d\u00eda.\u00a0<\/p>\t\t\t\t\t\t\t\t<\/div>\n\t\t\t\t<\/div>\n\t\t\t\t\t<\/div>\n\t\t<\/div>\n\t\t\t\t\t<\/div>\n\t\t<\/section>\n\t\t\t\t\t<\/div>\n\t\t<\/div>\n\t\t\t\t\t<\/div>\n\t\t<\/section>\n\t\t\t\t<section class=\"elementor-section elementor-top-section elementor-element elementor-element-deed98e elementor-section-content-middle elementor-section-stretched elementor-section-boxed elementor-section-height-default elementor-section-height-default\" data-id=\"deed98e\" data-element_type=\"section\" data-settings=\"{&quot;background_background&quot;:&quot;classic&quot;,&quot;stretch_section&quot;:&quot;section-stretched&quot;}\">\n\t\t\t\t\t\t<div class=\"elementor-container elementor-column-gap-no\">\n\t\t\t\t\t<div class=\"elementor-column elementor-col-100 elementor-top-column elementor-element elementor-element-42e2e7f6\" data-id=\"42e2e7f6\" data-element_type=\"column\">\n\t\t\t<div class=\"elementor-widget-wrap elementor-element-populated\">\n\t\t\t\t\t\t<div class=\"elementor-element elementor-element-5b6b9a62 elementor-widget elementor-widget-heading\" data-id=\"5b6b9a62\" data-element_type=\"widget\" data-widget_type=\"heading.default\">\n\t\t\t\t<div class=\"elementor-widget-container\">\n\t\t\t\t\t<h3 class=\"elementor-heading-title elementor-size-default\">Observaciones farmacol\u00f3gicas y cl\u00ednicas:<\/h3>\t\t\t\t<\/div>\n\t\t\t\t<\/div>\n\t\t\t\t<div class=\"elementor-element elementor-element-7aa361e1 elementor-align-start elementor-icon-list--layout-traditional elementor-list-item-link-full_width elementor-widget elementor-widget-icon-list\" data-id=\"7aa361e1\" data-element_type=\"widget\" data-widget_type=\"icon-list.default\">\n\t\t\t\t<div class=\"elementor-widget-container\">\n\t\t\t\t\t\t\t<ul class=\"elementor-icon-list-items\">\n\t\t\t\t\t\t\t<li class=\"elementor-icon-list-item\">\n\t\t\t\t\t\t\t\t\t\t\t<span class=\"elementor-icon-list-icon\">\n\t\t\t\t\t\t\t<i aria-hidden=\"true\" class=\"fas fa-dot-circle\"><\/i>\t\t\t\t\t\t<\/span>\n\t\t\t\t\t\t\t\t\t\t<span class=\"elementor-icon-list-text\">Ammonium causticum:  Fuerte irritaci\u00f3n de la laringe, sensaci\u00f3n de ardor e hipersensibilidad de la mucosa, ronquera, tos grave e incesante acompa\u00f1ada de dificultad para respirar. Bronquitis, rinofaringitis.<\/span>\n\t\t\t\t\t\t\t\t\t<\/li>\n\t\t\t\t\t\t\t\t<li class=\"elementor-icon-list-item\">\n\t\t\t\t\t\t\t\t\t\t\t<span class=\"elementor-icon-list-icon\">\n\t\t\t\t\t\t\t<i aria-hidden=\"true\" class=\"fas fa-dot-circle\"><\/i>\t\t\t\t\t\t<\/span>\n\t\t\t\t\t\t\t\t\t\t<span class=\"elementor-icon-list-text\"> Belladonna:   Tos espasm\u00f3dica, tos profunda, mucosa seca. Bronquitis y bronconeumon\u00eda.<\/span>\n\t\t\t\t\t\t\t\t\t<\/li>\n\t\t\t\t\t\t\t\t<li class=\"elementor-icon-list-item\">\n\t\t\t\t\t\t\t\t\t\t\t<span class=\"elementor-icon-list-icon\">\n\t\t\t\t\t\t\t<i aria-hidden=\"true\" class=\"fas fa-dot-circle\"><\/i>\t\t\t\t\t\t<\/span>\n\t\t\t\t\t\t\t\t\t\t<span class=\"elementor-icon-list-text\">Bryonia:   Tos seca irritante con dolor en el pecho. Congesti\u00f3n pulmonar, enfisema, tuberculosis.<\/span>\n\t\t\t\t\t\t\t\t\t<\/li>\n\t\t\t\t\t\t\t\t<li class=\"elementor-icon-list-item\">\n\t\t\t\t\t\t\t\t\t\t\t<span class=\"elementor-icon-list-icon\">\n\t\t\t\t\t\t\t<i aria-hidden=\"true\" class=\"fas fa-dot-circle\"><\/i>\t\t\t\t\t\t<\/span>\n\t\t\t\t\t\t\t\t\t\t<span class=\"elementor-icon-list-text\">Chamomilla:   Irritaci\u00f3n de la laringe, hipersensibilidad de la traquea, tos incesante o frecuente, ronquera, empeoramiento de los s\u00edntomas durante la noche y mejora a trav\u00e9s de la transpiraci\u00f3n.<\/span>\n\t\t\t\t\t\t\t\t\t<\/li>\n\t\t\t\t\t\t\t\t<li class=\"elementor-icon-list-item\">\n\t\t\t\t\t\t\t\t\t\t\t<span class=\"elementor-icon-list-icon\">\n\t\t\t\t\t\t\t<i aria-hidden=\"true\" class=\"fas fa-dot-circle\"><\/i>\t\t\t\t\t\t<\/span>\n\t\t\t\t\t\t\t\t\t\t<span class=\"elementor-icon-list-text\">Coccus cacti:   Ataques de tos con v\u00f3mitos, mucosas viscosa. Irritaci\u00f3n de las v\u00edas respiratorias con tendencia a las hemorragias.<\/span>\n\t\t\t\t\t\t\t\t\t<\/li>\n\t\t\t\t\t\t\t\t<li class=\"elementor-icon-list-item\">\n\t\t\t\t\t\t\t\t\t\t\t<span class=\"elementor-icon-list-icon\">\n\t\t\t\t\t\t\t<i aria-hidden=\"true\" class=\"fas fa-dot-circle\"><\/i>\t\t\t\t\t\t<\/span>\n\t\t\t\t\t\t\t\t\t\t<span class=\"elementor-icon-list-text\">Corallium rubrum:   Acci\u00f3n sobre las mucosas respiratorias. Tos espasm\u00f3dica fuerte acompa\u00f1ada de asfixia.<\/span>\n\t\t\t\t\t\t\t\t\t<\/li>\n\t\t\t\t\t\t\t\t<li class=\"elementor-icon-list-item\">\n\t\t\t\t\t\t\t\t\t\t\t<span class=\"elementor-icon-list-icon\">\n\t\t\t\t\t\t\t<i aria-hidden=\"true\" class=\"fas fa-dot-circle\"><\/i>\t\t\t\t\t\t<\/span>\n\t\t\t\t\t\t\t\t\t\t<span class=\"elementor-icon-list-text\">Cuprum aceticum:   Ataques de tos graves con sofocamiento y sensaci\u00f3n de presi\u00f3n en el pecho, espasmos broncomusculares con colapsos y cianosis. Espasmos y contracciones de la musculatura respiratoria: asma bronquial, tos ferina, laringitis estridulosa.<\/span>\n\t\t\t\t\t\t\t\t\t<\/li>\n\t\t\t\t\t\t\t\t<li class=\"elementor-icon-list-item\">\n\t\t\t\t\t\t\t\t\t\t\t<span class=\"elementor-icon-list-icon\">\n\t\t\t\t\t\t\t<i aria-hidden=\"true\" class=\"fas fa-dot-circle\"><\/i>\t\t\t\t\t\t<\/span>\n\t\t\t\t\t\t\t\t\t\t<span class=\"elementor-icon-list-text\"> Drosera:   Acci\u00f3n profunda sobre las v\u00edas respiratorias. Tuberculosis. Laringitis aguda y cr\u00f3nica. Tos permanente, especialmente durante la noche, con garganta seca y punzadas en el pecho. Esputo hemoptoico, n\u00e1useas al toser.<\/span>\n\t\t\t\t\t\t\t\t\t<\/li>\n\t\t\t\t\t\t\t\t<li class=\"elementor-icon-list-item\">\n\t\t\t\t\t\t\t\t\t\t\t<span class=\"elementor-icon-list-icon\">\n\t\t\t\t\t\t\t<i aria-hidden=\"true\" class=\"fas fa-dot-circle\"><\/i>\t\t\t\t\t\t<\/span>\n\t\t\t\t\t\t\t\t\t\t<span class=\"elementor-icon-list-text\"> Thymus vulgaris:   Expectorante. Trastornos respiratorios cr\u00f3nicos.<\/span>\n\t\t\t\t\t\t\t\t\t<\/li>\n\t\t\t\t\t\t\t\t<li class=\"elementor-icon-list-item\">\n\t\t\t\t\t\t\t\t\t\t\t<span class=\"elementor-icon-list-icon\">\n\t\t\t\t\t\t\t<i aria-hidden=\"true\" class=\"fas fa-dot-circle\"><\/i>\t\t\t\t\t\t<\/span>\n\t\t\t\t\t\t\t\t\t\t<span class=\"elementor-icon-list-text\">Strophanthus:   T\u00f3nico cardiaco efectivo. Acci\u00f3n inmediata sobre los s\u00edntomas de insuficiencia cardiaca, con tendencia a la formaci\u00f3n de edemas.<\/span>\n\t\t\t\t\t\t\t\t\t<\/li>\n\t\t\t\t\t\t<\/ul>\n\t\t\t\t\t\t<\/div>\n\t\t\t\t<\/div>\n\t\t\t\t\t<\/div>\n\t\t<\/div>\n\t\t\t\t\t<\/div>\n\t\t<\/section>\n\t\t\t\t<section class=\"elementor-section elementor-top-section elementor-element elementor-element-4114aee9 elementor-section-boxed elementor-section-height-default elementor-section-height-default\" data-id=\"4114aee9\" data-element_type=\"section\">\n\t\t\t\t\t\t<div class=\"elementor-container elementor-column-gap-default\">\n\t\t\t\t\t<div class=\"elementor-column elementor-col-100 elementor-top-column elementor-element elementor-element-255efd2e\" data-id=\"255efd2e\" data-element_type=\"column\">\n\t\t\t<div class=\"elementor-widget-wrap elementor-element-populated\">\n\t\t\t\t\t\t\t<\/div>\n\t\t<\/div>\n\t\t\t\t\t<\/div>\n\t\t<\/section>\n\t\t\t\t<section class=\"elementor-section elementor-top-section elementor-element elementor-element-fc37a81 elementor-section-boxed elementor-section-height-default elementor-section-height-default\" data-id=\"fc37a81\" data-element_type=\"section\">\n\t\t\t\t\t\t<div class=\"elementor-container elementor-column-gap-default\">\n\t\t\t\t\t<div class=\"elementor-column elementor-col-100 elementor-top-column elementor-element elementor-element-139fc25\" data-id=\"139fc25\" data-element_type=\"column\">\n\t\t\t<div class=\"elementor-widget-wrap elementor-element-populated\">\n\t\t\t\t\t\t<div class=\"elementor-element elementor-element-5ab39195 elementor-widget elementor-widget-spacer\" data-id=\"5ab39195\" data-element_type=\"widget\" data-widget_type=\"spacer.default\">\n\t\t\t\t<div class=\"elementor-widget-container\">\n\t\t\t\t\t\t\t<div class=\"elementor-spacer\">\n\t\t\t<div class=\"elementor-spacer-inner\"><\/div>\n\t\t<\/div>\n\t\t\t\t\t\t<\/div>\n\t\t\t\t<\/div>\n\t\t\t\t\t<\/div>\n\t\t<\/div>\n\t\t\t\t\t<\/div>\n\t\t<\/section>\n\t\t\t\t<\/div>\n\t\t","protected":false},"excerpt":{"rendered":"<p>R8 Jutussin Antitus\u00edgeno, broncodilatador y expectorante Formas de presentaci\u00f3n Jarabe Composici\u00f3n Jarabe: Ammonium causticum D2 1,00 g, Belladonna D2 1,00 g, Bryonia D2 1,00 g, Chamomilla D2 3,00 g, Coccus [&hellip;]<\/p>\n","protected":false},"author":1,"featured_media":0,"parent":0,"menu_order":0,"comment_status":"closed","ping_status":"closed","template":"","meta":{"_acf_changed":false,"footnotes":""},"class_list":["post-1739","page","type-page","status-publish","hentry"],"yoast_head":"<!-- This site is optimized with the Yoast SEO plugin v26.7 - https:\/\/yoast.com\/wordpress\/plugins\/seo\/ -->\n<title>R8 Jutussin - Escollanos Chile<\/title>\n<meta name=\"robots\" content=\"index, follow, max-snippet:-1, max-image-preview:large, max-video-preview:-1\" \/>\n<link rel=\"canonical\" href=\"https:\/\/escollanos.com\/cl\/r8-jutussin\/\" \/>\n<meta property=\"og:locale\" content=\"es_ES\" \/>\n<meta property=\"og:type\" content=\"article\" \/>\n<meta property=\"og:title\" content=\"R8 Jutussin - Escollanos Chile\" \/>\n<meta property=\"og:description\" content=\"R8 Jutussin Antitus\u00edgeno, broncodilatador y expectorante Formas de presentaci\u00f3n Jarabe Composici\u00f3n Jarabe: Ammonium causticum D2 1,00 g, Belladonna D2 1,00 g, Bryonia D2 1,00 g, Chamomilla D2 3,00 g, Coccus [&hellip;]\" \/>\n<meta property=\"og:url\" content=\"https:\/\/escollanos.com\/cl\/r8-jutussin\/\" \/>\n<meta property=\"og:site_name\" content=\"Escollanos Chile\" \/>\n<meta property=\"article:modified_time\" content=\"2023-03-06T12:41:48+00:00\" \/>\n<meta property=\"og:image\" content=\"https:\/\/escollanos.com\/cl\/wp-content\/uploads\/sites\/6\/2023\/03\/R8-1024x1024.png\" \/>\n<meta name=\"twitter:card\" content=\"summary_large_image\" \/>\n<meta name=\"twitter:label1\" content=\"Tiempo de lectura\" \/>\n\t<meta name=\"twitter:data1\" content=\"2 minutos\" \/>\n<script type=\"application\/ld+json\" class=\"yoast-schema-graph\">{\"@context\":\"https:\/\/schema.org\",\"@graph\":[{\"@type\":\"WebPage\",\"@id\":\"https:\/\/escollanos.com\/cl\/r8-jutussin\/\",\"url\":\"https:\/\/escollanos.com\/cl\/r8-jutussin\/\",\"name\":\"R8 Jutussin - Escollanos Chile\",\"isPartOf\":{\"@id\":\"https:\/\/escollanos.com\/cl\/#website\"},\"primaryImageOfPage\":{\"@id\":\"https:\/\/escollanos.com\/cl\/r8-jutussin\/#primaryimage\"},\"image\":{\"@id\":\"https:\/\/escollanos.com\/cl\/r8-jutussin\/#primaryimage\"},\"thumbnailUrl\":\"https:\/\/escollanos.com\/cl\/wp-content\/uploads\/sites\/6\/2023\/03\/R8-1024x1024.png\",\"datePublished\":\"2023-03-06T12:38:47+00:00\",\"dateModified\":\"2023-03-06T12:41:48+00:00\",\"breadcrumb\":{\"@id\":\"https:\/\/escollanos.com\/cl\/r8-jutussin\/#breadcrumb\"},\"inLanguage\":\"es\",\"potentialAction\":[{\"@type\":\"ReadAction\",\"target\":[\"https:\/\/escollanos.com\/cl\/r8-jutussin\/\"]}]},{\"@type\":\"ImageObject\",\"inLanguage\":\"es\",\"@id\":\"https:\/\/escollanos.com\/cl\/r8-jutussin\/#primaryimage\",\"url\":\"https:\/\/escollanos.com\/cl\/wp-content\/uploads\/sites\/6\/2023\/03\/R8.png\",\"contentUrl\":\"https:\/\/escollanos.com\/cl\/wp-content\/uploads\/sites\/6\/2023\/03\/R8.png\",\"width\":1816,\"height\":1816},{\"@type\":\"BreadcrumbList\",\"@id\":\"https:\/\/escollanos.com\/cl\/r8-jutussin\/#breadcrumb\",\"itemListElement\":[{\"@type\":\"ListItem\",\"position\":1,\"name\":\"Portada\",\"item\":\"https:\/\/escollanos.com\/cl\/\"},{\"@type\":\"ListItem\",\"position\":2,\"name\":\"R8 Jutussin\"}]},{\"@type\":\"WebSite\",\"@id\":\"https:\/\/escollanos.com\/cl\/#website\",\"url\":\"https:\/\/escollanos.com\/cl\/\",\"name\":\"Escollanos Chile\",\"description\":\"Eficiencia y calidad en medicamentos biol\u00f3gicos\",\"publisher\":{\"@id\":\"https:\/\/escollanos.com\/cl\/#organization\"},\"potentialAction\":[{\"@type\":\"SearchAction\",\"target\":{\"@type\":\"EntryPoint\",\"urlTemplate\":\"https:\/\/escollanos.com\/cl\/?s={search_term_string}\"},\"query-input\":{\"@type\":\"PropertyValueSpecification\",\"valueRequired\":true,\"valueName\":\"search_term_string\"}}],\"inLanguage\":\"es\"},{\"@type\":\"Organization\",\"@id\":\"https:\/\/escollanos.com\/cl\/#organization\",\"name\":\"Escollanos Chile\",\"url\":\"https:\/\/escollanos.com\/cl\/\",\"logo\":{\"@type\":\"ImageObject\",\"inLanguage\":\"es\",\"@id\":\"https:\/\/escollanos.com\/cl\/#\/schema\/logo\/image\/\",\"url\":\"https:\/\/escollanos.com\/cl\/wp-content\/uploads\/sites\/6\/2025\/10\/logo-chile.png\",\"contentUrl\":\"https:\/\/escollanos.com\/cl\/wp-content\/uploads\/sites\/6\/2025\/10\/logo-chile.png\",\"width\":800,\"height\":190,\"caption\":\"Escollanos Chile\"},\"image\":{\"@id\":\"https:\/\/escollanos.com\/cl\/#\/schema\/logo\/image\/\"}}]}<\/script>\n<!-- \/ Yoast SEO plugin. -->","yoast_head_json":{"title":"R8 Jutussin - Escollanos Chile","robots":{"index":"index","follow":"follow","max-snippet":"max-snippet:-1","max-image-preview":"max-image-preview:large","max-video-preview":"max-video-preview:-1"},"canonical":"https:\/\/escollanos.com\/cl\/r8-jutussin\/","og_locale":"es_ES","og_type":"article","og_title":"R8 Jutussin - Escollanos Chile","og_description":"R8 Jutussin Antitus\u00edgeno, broncodilatador y expectorante Formas de presentaci\u00f3n Jarabe Composici\u00f3n Jarabe: Ammonium causticum D2 1,00 g, Belladonna D2 1,00 g, Bryonia D2 1,00 g, Chamomilla D2 3,00 g, Coccus [&hellip;]","og_url":"https:\/\/escollanos.com\/cl\/r8-jutussin\/","og_site_name":"Escollanos Chile","article_modified_time":"2023-03-06T12:41:48+00:00","og_image":[{"url":"https:\/\/escollanos.com\/cl\/wp-content\/uploads\/sites\/6\/2023\/03\/R8-1024x1024.png","type":"","width":"","height":""}],"twitter_card":"summary_large_image","twitter_misc":{"Tiempo de lectura":"2 minutos"},"schema":{"@context":"https:\/\/schema.org","@graph":[{"@type":"WebPage","@id":"https:\/\/escollanos.com\/cl\/r8-jutussin\/","url":"https:\/\/escollanos.com\/cl\/r8-jutussin\/","name":"R8 Jutussin - Escollanos Chile","isPartOf":{"@id":"https:\/\/escollanos.com\/cl\/#website"},"primaryImageOfPage":{"@id":"https:\/\/escollanos.com\/cl\/r8-jutussin\/#primaryimage"},"image":{"@id":"https:\/\/escollanos.com\/cl\/r8-jutussin\/#primaryimage"},"thumbnailUrl":"https:\/\/escollanos.com\/cl\/wp-content\/uploads\/sites\/6\/2023\/03\/R8-1024x1024.png","datePublished":"2023-03-06T12:38:47+00:00","dateModified":"2023-03-06T12:41:48+00:00","breadcrumb":{"@id":"https:\/\/escollanos.com\/cl\/r8-jutussin\/#breadcrumb"},"inLanguage":"es","potentialAction":[{"@type":"ReadAction","target":["https:\/\/escollanos.com\/cl\/r8-jutussin\/"]}]},{"@type":"ImageObject","inLanguage":"es","@id":"https:\/\/escollanos.com\/cl\/r8-jutussin\/#primaryimage","url":"https:\/\/escollanos.com\/cl\/wp-content\/uploads\/sites\/6\/2023\/03\/R8.png","contentUrl":"https:\/\/escollanos.com\/cl\/wp-content\/uploads\/sites\/6\/2023\/03\/R8.png","width":1816,"height":1816},{"@type":"BreadcrumbList","@id":"https:\/\/escollanos.com\/cl\/r8-jutussin\/#breadcrumb","itemListElement":[{"@type":"ListItem","position":1,"name":"Portada","item":"https:\/\/escollanos.com\/cl\/"},{"@type":"ListItem","position":2,"name":"R8 Jutussin"}]},{"@type":"WebSite","@id":"https:\/\/escollanos.com\/cl\/#website","url":"https:\/\/escollanos.com\/cl\/","name":"Escollanos Chile","description":"Eficiencia y calidad en medicamentos biol\u00f3gicos","publisher":{"@id":"https:\/\/escollanos.com\/cl\/#organization"},"potentialAction":[{"@type":"SearchAction","target":{"@type":"EntryPoint","urlTemplate":"https:\/\/escollanos.com\/cl\/?s={search_term_string}"},"query-input":{"@type":"PropertyValueSpecification","valueRequired":true,"valueName":"search_term_string"}}],"inLanguage":"es"},{"@type":"Organization","@id":"https:\/\/escollanos.com\/cl\/#organization","name":"Escollanos Chile","url":"https:\/\/escollanos.com\/cl\/","logo":{"@type":"ImageObject","inLanguage":"es","@id":"https:\/\/escollanos.com\/cl\/#\/schema\/logo\/image\/","url":"https:\/\/escollanos.com\/cl\/wp-content\/uploads\/sites\/6\/2025\/10\/logo-chile.png","contentUrl":"https:\/\/escollanos.com\/cl\/wp-content\/uploads\/sites\/6\/2025\/10\/logo-chile.png","width":800,"height":190,"caption":"Escollanos Chile"},"image":{"@id":"https:\/\/escollanos.com\/cl\/#\/schema\/logo\/image\/"}}]}},"acf":[],"_links":{"self":[{"href":"https:\/\/escollanos.com\/cl\/wp-json\/wp\/v2\/pages\/1739","targetHints":{"allow":["GET"]}}],"collection":[{"href":"https:\/\/escollanos.com\/cl\/wp-json\/wp\/v2\/pages"}],"about":[{"href":"https:\/\/escollanos.com\/cl\/wp-json\/wp\/v2\/types\/page"}],"author":[{"embeddable":true,"href":"https:\/\/escollanos.com\/cl\/wp-json\/wp\/v2\/users\/1"}],"replies":[{"embeddable":true,"href":"https:\/\/escollanos.com\/cl\/wp-json\/wp\/v2\/comments?post=1739"}],"version-history":[{"count":4,"href":"https:\/\/escollanos.com\/cl\/wp-json\/wp\/v2\/pages\/1739\/revisions"}],"predecessor-version":[{"id":1746,"href":"https:\/\/escollanos.com\/cl\/wp-json\/wp\/v2\/pages\/1739\/revisions\/1746"}],"wp:attachment":[{"href":"https:\/\/escollanos.com\/cl\/wp-json\/wp\/v2\/media?parent=1739"}],"curies":[{"name":"wp","href":"https:\/\/api.w.org\/{rel}","templated":true}]}}